{"id":813,"date":"2018-05-29T09:33:21","date_gmt":"2018-05-29T07:33:21","guid":{"rendered":"http:\/\/www.polatbattaniye.com.tr\/?page_id=813"},"modified":"2021-11-10T15:48:09","modified_gmt":"2021-11-10T13:48:09","slug":"contacto","status":"publish","type":"page","link":"https:\/\/www.polatbattaniye.com.tr\/es\/contacto\/","title":{"rendered":"Contacto"},"content":{"rendered":"<p><strong>U\u015fak F\u00e1brica y Tienda<\/strong><\/p>\n<p>Organize Sanayi B\u00f6lgesi 101. Cadde No: 27 \u00a0U\u015fak<\/p>\n<p>Tel\u00e9fono: 0276 266 72 67<\/p>\n<p>M\u00f3vil y Whatsapp: +90 533 234 61 62<\/p>\n<p>E-mail: info@polatbattaniye.com.tr<br \/>\n<iframe loading=\"lazy\" style=\"border: 0;\" src=\"https:\/\/www.google.com\/maps\/embed?pb=!1m18!1m12!1m3!1d3114.9248996364176!2d29.210417950670962!3d38.673593979505696!2m3!1f0!2f0!3f0!3m2!1i1024!2i768!4f13.1!3m3!1m2!1s0x14c87fd189e31a33%3A0x81557d4f3c5ac360!2sPolat+Tekstil+Sanayi+Ticaret+Limited+%C5%9Eirketi!5e0!3m2!1str!2str!4v1529563229644\" width=\"400\" height=\"300\" frameborder=\"0\" allowfullscreen=\"\"><\/iframe><\/p>\n<p><strong>Gaziantep F\u00e1brica<\/strong><\/p>\n<p><iframe loading=\"lazy\" style=\"border: 0;\" src=\"https:\/\/www.google.com\/maps\/embed?pb=!1m18!1m12!1m3!1d101808.6707242487!2d37.297686355703696!3d37.116519088577455!2m3!1f0!2f0!3f0!3m2!1i1024!2i768!4f13.1!3m3!1m2!1s0x1531fd5008164887%3A0xec3e2debcab8de3b!2sPolat+%C4%B0plik+Tekstil+Sanayi+ve+Ticaret+Limited+%C5%9Eirketi!5e0!3m2!1str!2str!4v1533623846853\" width=\"400\" height=\"300\" frameborder=\"0\" allowfullscreen=\"\"><\/iframe><\/p>\n","protected":false},"excerpt":{"rendered":"<p>U\u015fak F\u00e1brica y Tienda Organize Sanayi B\u00f6lgesi 101. Cadde No: 27 \u00a0U\u015fak Tel\u00e9fono: 0276 266 72 67 M\u00f3vil y Whatsapp: +90 533 234 61 62 E-mail: info@polatbattaniye.com.tr Gaziantep F\u00e1brica<\/p>\n","protected":false},"author":1,"featured_media":0,"parent":0,"menu_order":0,"comment_status":"closed","ping_status":"closed","template":"","meta":{"_locale":"es_ES","_original_post":"184","footnotes":""},"class_list":{"0":"post-813","1":"page","2":"type-page","3":"status-publish","5":"es-ES","6":"czr-hentry"},"yoast_head":"<!-- This site is optimized with the Yoast SEO plugin v26.8 - https:\/\/yoast.com\/product\/yoast-seo-wordpress\/ -->\n<title>Contacto - Polat Tekstil Sanayi Ticaret Limited \u015eirketi<\/title>\n<meta name=\"description\" content=\"F\u00e1brica y Tienda Organize Sanayi B\u00f6lgesi 101. Cadde No: 27 \u00a0U\u015fak Tel\u00e9fono: 0276 266 72 67 M\u00f3vil y Whatsapp: +90 533 234 61 62\u00a0 E-mail: info@polatbattaniye.com.tr\" \/>\n<meta name=\"robots\" content=\"index, follow, max-snippet:-1, max-image-preview:large, max-video-preview:-1\" \/>\n<link rel=\"canonical\" href=\"https:\/\/www.polatbattaniye.com.tr\/es\/contacto\/\" \/>\n<meta property=\"og:locale\" content=\"es_ES\" \/>\n<meta property=\"og:type\" content=\"article\" \/>\n<meta property=\"og:title\" content=\"Contacto - Polat Tekstil Sanayi Ticaret Limited \u015eirketi\" \/>\n<meta property=\"og:description\" content=\"F\u00e1brica y Tienda Organize Sanayi B\u00f6lgesi 101. Cadde No: 27 \u00a0U\u015fak Tel\u00e9fono: 0276 266 72 67 M\u00f3vil y Whatsapp: +90 533 234 61 62\u00a0 E-mail: info@polatbattaniye.com.tr\" \/>\n<meta property=\"og:url\" content=\"https:\/\/www.polatbattaniye.com.tr\/es\/contacto\/\" \/>\n<meta property=\"og:site_name\" content=\"Polat \u0130plik\" \/>\n<meta property=\"article:publisher\" content=\"https:\/\/www.facebook.com\/yarnregenerated\" \/>\n<meta property=\"article:modified_time\" content=\"2021-11-10T13:48:09+00:00\" \/>\n<meta name=\"twitter:card\" content=\"summary_large_image\" \/>\n<meta name=\"twitter:label1\" content=\"Tiempo de lectura\" \/>\n\t<meta name=\"twitter:data1\" content=\"1 minuto\" \/>\n<script type=\"application\/ld+json\" class=\"yoast-schema-graph\">{\"@context\":\"https:\/\/schema.org\",\"@graph\":[{\"@type\":\"WebPage\",\"@id\":\"https:\/\/www.polatbattaniye.com.tr\/es\/contacto\/\",\"url\":\"https:\/\/www.polatbattaniye.com.tr\/es\/contacto\/\",\"name\":\"Contacto - Polat Tekstil Sanayi Ticaret Limited \u015eirketi\",\"isPartOf\":{\"@id\":\"https:\/\/www.polatbattaniye.com.tr\/#website\"},\"datePublished\":\"2018-05-29T07:33:21+00:00\",\"dateModified\":\"2021-11-10T13:48:09+00:00\",\"description\":\"F\u00e1brica y Tienda Organize Sanayi B\u00f6lgesi 101. Cadde No: 27 \u00a0U\u015fak Tel\u00e9fono: 0276 266 72 67 M\u00f3vil y Whatsapp: +90 533 234 61 62\u00a0 E-mail: info@polatbattaniye.com.tr\",\"breadcrumb\":{\"@id\":\"https:\/\/www.polatbattaniye.com.tr\/es\/contacto\/#breadcrumb\"},\"inLanguage\":\"es\",\"potentialAction\":[{\"@type\":\"ReadAction\",\"target\":[\"https:\/\/www.polatbattaniye.com.tr\/es\/contacto\/\"]}]},{\"@type\":\"BreadcrumbList\",\"@id\":\"https:\/\/www.polatbattaniye.com.tr\/es\/contacto\/#breadcrumb\",\"itemListElement\":[{\"@type\":\"ListItem\",\"position\":1,\"name\":\"Ana sayfa\",\"item\":\"https:\/\/www.polatbattaniye.com.tr\/\"},{\"@type\":\"ListItem\",\"position\":2,\"name\":\"Contacto\"}]},{\"@type\":\"WebSite\",\"@id\":\"https:\/\/www.polatbattaniye.com.tr\/#website\",\"url\":\"https:\/\/www.polatbattaniye.com.tr\/\",\"name\":\"Polat \u0130plik\",\"description\":\"From Fiber to Fabric, Quality Recycled\",\"publisher\":{\"@id\":\"https:\/\/www.polatbattaniye.com.tr\/#organization\"},\"potentialAction\":[{\"@type\":\"SearchAction\",\"target\":{\"@type\":\"EntryPoint\",\"urlTemplate\":\"https:\/\/www.polatbattaniye.com.tr\/?s={search_term_string}\"},\"query-input\":{\"@type\":\"PropertyValueSpecification\",\"valueRequired\":true,\"valueName\":\"search_term_string\"}}],\"inLanguage\":\"es\"},{\"@type\":\"Organization\",\"@id\":\"https:\/\/www.polatbattaniye.com.tr\/#organization\",\"name\":\"Polat \u0130plik Tekstil San. Tic. Ltd. \u015eti.\",\"url\":\"https:\/\/www.polatbattaniye.com.tr\/\",\"logo\":{\"@type\":\"ImageObject\",\"inLanguage\":\"es\",\"@id\":\"https:\/\/www.polatbattaniye.com.tr\/#\/schema\/logo\/image\/\",\"url\":\"https:\/\/i1.wp.com\/www.polatbattaniye.com.tr\/wp-content\/uploads\/2017\/02\/cropped-LOGO.jpg?fit=595%2C238&ssl=1\",\"contentUrl\":\"https:\/\/i1.wp.com\/www.polatbattaniye.com.tr\/wp-content\/uploads\/2017\/02\/cropped-LOGO.jpg?fit=595%2C238&ssl=1\",\"width\":595,\"height\":238,\"caption\":\"Polat \u0130plik Tekstil San. Tic. Ltd. \u015eti.\"},\"image\":{\"@id\":\"https:\/\/www.polatbattaniye.com.tr\/#\/schema\/logo\/image\/\"},\"sameAs\":[\"https:\/\/www.facebook.com\/yarnregenerated\",\"https:\/\/www.instagram.com\/polatiplik\"]}]}<\/script>\n<!-- \/ Yoast SEO plugin. -->","yoast_head_json":{"title":"Contacto - Polat Tekstil Sanayi Ticaret Limited \u015eirketi","description":"F\u00e1brica y Tienda Organize Sanayi B\u00f6lgesi 101. Cadde No: 27 \u00a0U\u015fak Tel\u00e9fono: 0276 266 72 67 M\u00f3vil y Whatsapp: +90 533 234 61 62\u00a0 E-mail: info@polatbattaniye.com.tr","robots":{"index":"index","follow":"follow","max-snippet":"max-snippet:-1","max-image-preview":"max-image-preview:large","max-video-preview":"max-video-preview:-1"},"canonical":"https:\/\/www.polatbattaniye.com.tr\/es\/contacto\/","og_locale":"es_ES","og_type":"article","og_title":"Contacto - Polat Tekstil Sanayi Ticaret Limited \u015eirketi","og_description":"F\u00e1brica y Tienda Organize Sanayi B\u00f6lgesi 101. Cadde No: 27 \u00a0U\u015fak Tel\u00e9fono: 0276 266 72 67 M\u00f3vil y Whatsapp: +90 533 234 61 62\u00a0 E-mail: info@polatbattaniye.com.tr","og_url":"https:\/\/www.polatbattaniye.com.tr\/es\/contacto\/","og_site_name":"Polat \u0130plik","article_publisher":"https:\/\/www.facebook.com\/yarnregenerated","article_modified_time":"2021-11-10T13:48:09+00:00","twitter_card":"summary_large_image","twitter_misc":{"Tiempo de lectura":"1 minuto"},"schema":{"@context":"https:\/\/schema.org","@graph":[{"@type":"WebPage","@id":"https:\/\/www.polatbattaniye.com.tr\/es\/contacto\/","url":"https:\/\/www.polatbattaniye.com.tr\/es\/contacto\/","name":"Contacto - Polat Tekstil Sanayi Ticaret Limited \u015eirketi","isPartOf":{"@id":"https:\/\/www.polatbattaniye.com.tr\/#website"},"datePublished":"2018-05-29T07:33:21+00:00","dateModified":"2021-11-10T13:48:09+00:00","description":"F\u00e1brica y Tienda Organize Sanayi B\u00f6lgesi 101. Cadde No: 27 \u00a0U\u015fak Tel\u00e9fono: 0276 266 72 67 M\u00f3vil y Whatsapp: +90 533 234 61 62\u00a0 E-mail: info@polatbattaniye.com.tr","breadcrumb":{"@id":"https:\/\/www.polatbattaniye.com.tr\/es\/contacto\/#breadcrumb"},"inLanguage":"es","potentialAction":[{"@type":"ReadAction","target":["https:\/\/www.polatbattaniye.com.tr\/es\/contacto\/"]}]},{"@type":"BreadcrumbList","@id":"https:\/\/www.polatbattaniye.com.tr\/es\/contacto\/#breadcrumb","itemListElement":[{"@type":"ListItem","position":1,"name":"Ana sayfa","item":"https:\/\/www.polatbattaniye.com.tr\/"},{"@type":"ListItem","position":2,"name":"Contacto"}]},{"@type":"WebSite","@id":"https:\/\/www.polatbattaniye.com.tr\/#website","url":"https:\/\/www.polatbattaniye.com.tr\/","name":"Polat \u0130plik","description":"From Fiber to Fabric, Quality Recycled","publisher":{"@id":"https:\/\/www.polatbattaniye.com.tr\/#organization"},"potentialAction":[{"@type":"SearchAction","target":{"@type":"EntryPoint","urlTemplate":"https:\/\/www.polatbattaniye.com.tr\/?s={search_term_string}"},"query-input":{"@type":"PropertyValueSpecification","valueRequired":true,"valueName":"search_term_string"}}],"inLanguage":"es"},{"@type":"Organization","@id":"https:\/\/www.polatbattaniye.com.tr\/#organization","name":"Polat \u0130plik Tekstil San. Tic. Ltd. \u015eti.","url":"https:\/\/www.polatbattaniye.com.tr\/","logo":{"@type":"ImageObject","inLanguage":"es","@id":"https:\/\/www.polatbattaniye.com.tr\/#\/schema\/logo\/image\/","url":"https:\/\/i1.wp.com\/www.polatbattaniye.com.tr\/wp-content\/uploads\/2017\/02\/cropped-LOGO.jpg?fit=595%2C238&ssl=1","contentUrl":"https:\/\/i1.wp.com\/www.polatbattaniye.com.tr\/wp-content\/uploads\/2017\/02\/cropped-LOGO.jpg?fit=595%2C238&ssl=1","width":595,"height":238,"caption":"Polat \u0130plik Tekstil San. Tic. Ltd. \u015eti."},"image":{"@id":"https:\/\/www.polatbattaniye.com.tr\/#\/schema\/logo\/image\/"},"sameAs":["https:\/\/www.facebook.com\/yarnregenerated","https:\/\/www.instagram.com\/polatiplik"]}]}},"jetpack_sharing_enabled":true,"_links":{"self":[{"href":"https:\/\/www.polatbattaniye.com.tr\/wp-json\/wp\/v2\/pages\/813","targetHints":{"allow":["GET"]}}],"collection":[{"href":"https:\/\/www.polatbattaniye.com.tr\/wp-json\/wp\/v2\/pages"}],"about":[{"href":"https:\/\/www.polatbattaniye.com.tr\/wp-json\/wp\/v2\/types\/page"}],"author":[{"embeddable":true,"href":"https:\/\/www.polatbattaniye.com.tr\/wp-json\/wp\/v2\/users\/1"}],"replies":[{"embeddable":true,"href":"https:\/\/www.polatbattaniye.com.tr\/wp-json\/wp\/v2\/comments?post=813"}],"version-history":[{"count":0,"href":"https:\/\/www.polatbattaniye.com.tr\/wp-json\/wp\/v2\/pages\/813\/revisions"}],"wp:attachment":[{"href":"https:\/\/www.polatbattaniye.com.tr\/wp-json\/wp\/v2\/media?parent=813"}],"curies":[{"name":"wp","href":"https:\/\/api.w.org\/{rel}","templated":true}]}}