{"id":834,"date":"2018-05-31T09:18:11","date_gmt":"2018-05-31T07:18:11","guid":{"rendered":"http:\/\/www.polatbattaniye.com.tr\/?page_id=834"},"modified":"2018-10-15T14:31:53","modified_gmt":"2018-10-15T12:31:53","slug":"chisiamo","status":"publish","type":"page","link":"https:\/\/www.polatbattaniye.com.tr\/it\/chisiamo\/","title":{"rendered":"Chi Siamo"},"content":{"rendered":"<p>&nbsp;<\/p>\n<p style=\"text-align: left;\"><img loading=\"lazy\" decoding=\"async\" class=\"alignnone size-full wp-image-920\" src=\"http:\/\/www.polatbattaniye.com.tr\/wp-content\/uploads\/2018\/07\/zz-3.jpg\" alt=\"\" width=\"5760\" height=\"3840\" \/>Siamo Produttori di filati rigenerati in cotone, cotone-acrilico e coperte, Polat \u0130plik Tekstil San. Tic. Ltd. \u015eti. \u00e8 stata fondata nel 2003 a Usak \/ Turchia.<\/p>\n<p style=\"text-align: left;\">L&#8217;azienda produce i suoi prodotti in un&#8217;area chiusa di 40.000 m\u00b2 nell&#8217;area industriale di U\u015fak.<\/p>\n<h3 style=\"text-align: left;\"><span class=\"\"><b>La nostra missione<\/b><\/span><\/h3>\n<p style=\"text-align: left;\">L&#8217;obiettivo principale della nostra azienda \u00e8 produrre prodotti che soddisfino le esigenze dei nostri clienti in tutto il mondo.<\/p>\n<p style=\"text-align: left;\">Grazie ai nostri metodi di produzione innovativi, otteniamo sempre la migliore qualit\u00e0.<\/p>\n<h3 style=\"text-align: left;\"><span class=\"\"><b>Il nostro scopo<\/b><\/span><\/h3>\n<p style=\"text-align: left;\">Il nostro scopo \u00e8 quello di essere sempre una delle aziende leader con il nostro servizio di alta qualit\u00e0 e produzione nel mercato locale e internazionale.<\/p>\n<h3 style=\"text-align: left;\"><span class=\"\"><b>Le nostre ambizioni<\/b><\/span><\/h3>\n<p style=\"text-align: left;\">Crediamo che non dobbiamo mai smettere di imparare e cerchiamo sempre di migliorare.<\/p>\n<p style=\"text-align: left;\">Per noi, Guadagnare la fiducia dei nostri clienti \u00e8 molto importante. Per questo motivo lavoriamo con l\u2019etica degli affari.<\/p>\n<p style=\"text-align: left;\">Ogni giorno lavoriamo con passione.<\/p>\n<p style=\"text-align: left;\">Per noi le richieste dei nostri clienti sono molto importanti. Per questo motivo gli ascoltiamo con molta attenzione per comprendere i loro bisogni.<\/p>\n<p style=\"text-align: left;\">\n","protected":false},"excerpt":{"rendered":"<p>&nbsp; Siamo Produttori di filati rigenerati in cotone, cotone-acrilico e coperte, Polat \u0130plik Tekstil San. Tic. Ltd. \u015eti. \u00e8 stata fondata nel 2003 a Usak \/ Turchia. L&#8217;azienda produce i suoi prodotti in un&#8217;area chiusa di 40.000 m\u00b2 nell&#8217;area industriale di U\u015fak. La nostra missione L&#8217;obiettivo principale della nostra azienda \u00e8 produrre prodotti che soddisfino [&hellip;]<\/p>\n","protected":false},"author":1,"featured_media":0,"parent":0,"menu_order":0,"comment_status":"closed","ping_status":"closed","template":"","meta":{"_locale":"it_IT","_original_post":"12","footnotes":""},"class_list":{"0":"post-834","1":"page","2":"type-page","3":"status-publish","5":"it-IT","6":"czr-hentry"},"yoast_head":"<!-- This site is optimized with the Yoast SEO plugin v27.5 - https:\/\/yoast.com\/product\/yoast-seo-wordpress\/ -->\n<title>Chi Siamo - Polat Iplik Tekstil - filati cotone rigenerato<\/title>\n<meta name=\"description\" content=\"Produttore di filati cotone rigenerato, filati cotone-acrilico e coperte, Polat \u0130plik Tekstil San. Tic. Ltd. \u015eti. \u00e8 stata fondata nel 2003 a U\u015fak\" \/>\n<meta name=\"robots\" content=\"index, follow, max-snippet:-1, max-image-preview:large, max-video-preview:-1\" \/>\n<link rel=\"canonical\" href=\"https:\/\/www.polatbattaniye.com.tr\/it\/chisiamo\/\" \/>\n<meta property=\"og:locale\" content=\"it_IT\" \/>\n<meta property=\"og:type\" content=\"article\" \/>\n<meta property=\"og:title\" content=\"Chi Siamo - Polat Iplik Tekstil - filati cotone rigenerato\" \/>\n<meta property=\"og:description\" content=\"Produttore di filati cotone rigenerato, filati cotone-acrilico e coperte, Polat \u0130plik Tekstil San. Tic. Ltd. \u015eti. \u00e8 stata fondata nel 2003 a U\u015fak\" \/>\n<meta property=\"og:url\" content=\"https:\/\/www.polatbattaniye.com.tr\/it\/chisiamo\/\" \/>\n<meta property=\"og:site_name\" content=\"Polat \u0130plik\" \/>\n<meta property=\"article:publisher\" content=\"https:\/\/www.facebook.com\/yarnregenerated\" \/>\n<meta property=\"article:modified_time\" content=\"2018-10-15T12:31:53+00:00\" \/>\n<meta property=\"og:image\" content=\"http:\/\/www.polatbattaniye.com.tr\/wp-content\/uploads\/2018\/07\/zz-3.jpg\" \/>\n<meta name=\"twitter:card\" content=\"summary_large_image\" \/>\n<script type=\"application\/ld+json\" class=\"yoast-schema-graph\">{\"@context\":\"https:\\\/\\\/schema.org\",\"@graph\":[{\"@type\":\"WebPage\",\"@id\":\"https:\\\/\\\/www.polatbattaniye.com.tr\\\/it\\\/chisiamo\\\/\",\"url\":\"https:\\\/\\\/www.polatbattaniye.com.tr\\\/it\\\/chisiamo\\\/\",\"name\":\"Chi Siamo - Polat Iplik Tekstil - filati cotone rigenerato\",\"isPartOf\":{\"@id\":\"https:\\\/\\\/www.polatbattaniye.com.tr\\\/#website\"},\"primaryImageOfPage\":{\"@id\":\"https:\\\/\\\/www.polatbattaniye.com.tr\\\/it\\\/chisiamo\\\/#primaryimage\"},\"image\":{\"@id\":\"https:\\\/\\\/www.polatbattaniye.com.tr\\\/it\\\/chisiamo\\\/#primaryimage\"},\"thumbnailUrl\":\"http:\\\/\\\/www.polatbattaniye.com.tr\\\/wp-content\\\/uploads\\\/2018\\\/07\\\/zz-3.jpg\",\"datePublished\":\"2018-05-31T07:18:11+00:00\",\"dateModified\":\"2018-10-15T12:31:53+00:00\",\"description\":\"Produttore di filati cotone rigenerato, filati cotone-acrilico e coperte, Polat \u0130plik Tekstil San. Tic. Ltd. \u015eti. \u00e8 stata fondata nel 2003 a U\u015fak\",\"breadcrumb\":{\"@id\":\"https:\\\/\\\/www.polatbattaniye.com.tr\\\/it\\\/chisiamo\\\/#breadcrumb\"},\"inLanguage\":\"it-IT\",\"potentialAction\":[{\"@type\":\"ReadAction\",\"target\":[\"https:\\\/\\\/www.polatbattaniye.com.tr\\\/it\\\/chisiamo\\\/\"]}]},{\"@type\":\"ImageObject\",\"inLanguage\":\"it-IT\",\"@id\":\"https:\\\/\\\/www.polatbattaniye.com.tr\\\/it\\\/chisiamo\\\/#primaryimage\",\"url\":\"http:\\\/\\\/www.polatbattaniye.com.tr\\\/wp-content\\\/uploads\\\/2018\\\/07\\\/zz-3.jpg\",\"contentUrl\":\"http:\\\/\\\/www.polatbattaniye.com.tr\\\/wp-content\\\/uploads\\\/2018\\\/07\\\/zz-3.jpg\"},{\"@type\":\"BreadcrumbList\",\"@id\":\"https:\\\/\\\/www.polatbattaniye.com.tr\\\/it\\\/chisiamo\\\/#breadcrumb\",\"itemListElement\":[{\"@type\":\"ListItem\",\"position\":1,\"name\":\"Ana sayfa\",\"item\":\"https:\\\/\\\/www.polatbattaniye.com.tr\\\/\"},{\"@type\":\"ListItem\",\"position\":2,\"name\":\"Chi Siamo\"}]},{\"@type\":\"WebSite\",\"@id\":\"https:\\\/\\\/www.polatbattaniye.com.tr\\\/#website\",\"url\":\"https:\\\/\\\/www.polatbattaniye.com.tr\\\/\",\"name\":\"Polat \u0130plik\",\"description\":\"From Fiber to Fabric, Quality Recycled\",\"publisher\":{\"@id\":\"https:\\\/\\\/www.polatbattaniye.com.tr\\\/#organization\"},\"potentialAction\":[{\"@type\":\"SearchAction\",\"target\":{\"@type\":\"EntryPoint\",\"urlTemplate\":\"https:\\\/\\\/www.polatbattaniye.com.tr\\\/?s={search_term_string}\"},\"query-input\":{\"@type\":\"PropertyValueSpecification\",\"valueRequired\":true,\"valueName\":\"search_term_string\"}}],\"inLanguage\":\"it-IT\"},{\"@type\":\"Organization\",\"@id\":\"https:\\\/\\\/www.polatbattaniye.com.tr\\\/#organization\",\"name\":\"Polat \u0130plik Tekstil San. Tic. Ltd. \u015eti.\",\"url\":\"https:\\\/\\\/www.polatbattaniye.com.tr\\\/\",\"logo\":{\"@type\":\"ImageObject\",\"inLanguage\":\"it-IT\",\"@id\":\"https:\\\/\\\/www.polatbattaniye.com.tr\\\/#\\\/schema\\\/logo\\\/image\\\/\",\"url\":\"https:\\\/\\\/i1.wp.com\\\/www.polatbattaniye.com.tr\\\/wp-content\\\/uploads\\\/2017\\\/02\\\/cropped-LOGO.jpg?fit=595%2C238&ssl=1\",\"contentUrl\":\"https:\\\/\\\/i1.wp.com\\\/www.polatbattaniye.com.tr\\\/wp-content\\\/uploads\\\/2017\\\/02\\\/cropped-LOGO.jpg?fit=595%2C238&ssl=1\",\"width\":595,\"height\":238,\"caption\":\"Polat \u0130plik Tekstil San. Tic. Ltd. \u015eti.\"},\"image\":{\"@id\":\"https:\\\/\\\/www.polatbattaniye.com.tr\\\/#\\\/schema\\\/logo\\\/image\\\/\"},\"sameAs\":[\"https:\\\/\\\/www.facebook.com\\\/yarnregenerated\",\"https:\\\/\\\/www.instagram.com\\\/polatiplik\"]}]}<\/script>\n<!-- \/ Yoast SEO plugin. -->","yoast_head_json":{"title":"Chi Siamo - Polat Iplik Tekstil - filati cotone rigenerato","description":"Produttore di filati cotone rigenerato, filati cotone-acrilico e coperte, Polat \u0130plik Tekstil San. Tic. Ltd. \u015eti. \u00e8 stata fondata nel 2003 a U\u015fak","robots":{"index":"index","follow":"follow","max-snippet":"max-snippet:-1","max-image-preview":"max-image-preview:large","max-video-preview":"max-video-preview:-1"},"canonical":"https:\/\/www.polatbattaniye.com.tr\/it\/chisiamo\/","og_locale":"it_IT","og_type":"article","og_title":"Chi Siamo - Polat Iplik Tekstil - filati cotone rigenerato","og_description":"Produttore di filati cotone rigenerato, filati cotone-acrilico e coperte, Polat \u0130plik Tekstil San. Tic. Ltd. \u015eti. \u00e8 stata fondata nel 2003 a U\u015fak","og_url":"https:\/\/www.polatbattaniye.com.tr\/it\/chisiamo\/","og_site_name":"Polat \u0130plik","article_publisher":"https:\/\/www.facebook.com\/yarnregenerated","article_modified_time":"2018-10-15T12:31:53+00:00","og_image":[{"url":"http:\/\/www.polatbattaniye.com.tr\/wp-content\/uploads\/2018\/07\/zz-3.jpg","type":"","width":"","height":""}],"twitter_card":"summary_large_image","schema":{"@context":"https:\/\/schema.org","@graph":[{"@type":"WebPage","@id":"https:\/\/www.polatbattaniye.com.tr\/it\/chisiamo\/","url":"https:\/\/www.polatbattaniye.com.tr\/it\/chisiamo\/","name":"Chi Siamo - Polat Iplik Tekstil - filati cotone rigenerato","isPartOf":{"@id":"https:\/\/www.polatbattaniye.com.tr\/#website"},"primaryImageOfPage":{"@id":"https:\/\/www.polatbattaniye.com.tr\/it\/chisiamo\/#primaryimage"},"image":{"@id":"https:\/\/www.polatbattaniye.com.tr\/it\/chisiamo\/#primaryimage"},"thumbnailUrl":"http:\/\/www.polatbattaniye.com.tr\/wp-content\/uploads\/2018\/07\/zz-3.jpg","datePublished":"2018-05-31T07:18:11+00:00","dateModified":"2018-10-15T12:31:53+00:00","description":"Produttore di filati cotone rigenerato, filati cotone-acrilico e coperte, Polat \u0130plik Tekstil San. Tic. Ltd. \u015eti. \u00e8 stata fondata nel 2003 a U\u015fak","breadcrumb":{"@id":"https:\/\/www.polatbattaniye.com.tr\/it\/chisiamo\/#breadcrumb"},"inLanguage":"it-IT","potentialAction":[{"@type":"ReadAction","target":["https:\/\/www.polatbattaniye.com.tr\/it\/chisiamo\/"]}]},{"@type":"ImageObject","inLanguage":"it-IT","@id":"https:\/\/www.polatbattaniye.com.tr\/it\/chisiamo\/#primaryimage","url":"http:\/\/www.polatbattaniye.com.tr\/wp-content\/uploads\/2018\/07\/zz-3.jpg","contentUrl":"http:\/\/www.polatbattaniye.com.tr\/wp-content\/uploads\/2018\/07\/zz-3.jpg"},{"@type":"BreadcrumbList","@id":"https:\/\/www.polatbattaniye.com.tr\/it\/chisiamo\/#breadcrumb","itemListElement":[{"@type":"ListItem","position":1,"name":"Ana sayfa","item":"https:\/\/www.polatbattaniye.com.tr\/"},{"@type":"ListItem","position":2,"name":"Chi Siamo"}]},{"@type":"WebSite","@id":"https:\/\/www.polatbattaniye.com.tr\/#website","url":"https:\/\/www.polatbattaniye.com.tr\/","name":"Polat \u0130plik","description":"From Fiber to Fabric, Quality Recycled","publisher":{"@id":"https:\/\/www.polatbattaniye.com.tr\/#organization"},"potentialAction":[{"@type":"SearchAction","target":{"@type":"EntryPoint","urlTemplate":"https:\/\/www.polatbattaniye.com.tr\/?s={search_term_string}"},"query-input":{"@type":"PropertyValueSpecification","valueRequired":true,"valueName":"search_term_string"}}],"inLanguage":"it-IT"},{"@type":"Organization","@id":"https:\/\/www.polatbattaniye.com.tr\/#organization","name":"Polat \u0130plik Tekstil San. Tic. Ltd. \u015eti.","url":"https:\/\/www.polatbattaniye.com.tr\/","logo":{"@type":"ImageObject","inLanguage":"it-IT","@id":"https:\/\/www.polatbattaniye.com.tr\/#\/schema\/logo\/image\/","url":"https:\/\/i1.wp.com\/www.polatbattaniye.com.tr\/wp-content\/uploads\/2017\/02\/cropped-LOGO.jpg?fit=595%2C238&ssl=1","contentUrl":"https:\/\/i1.wp.com\/www.polatbattaniye.com.tr\/wp-content\/uploads\/2017\/02\/cropped-LOGO.jpg?fit=595%2C238&ssl=1","width":595,"height":238,"caption":"Polat \u0130plik Tekstil San. Tic. Ltd. \u015eti."},"image":{"@id":"https:\/\/www.polatbattaniye.com.tr\/#\/schema\/logo\/image\/"},"sameAs":["https:\/\/www.facebook.com\/yarnregenerated","https:\/\/www.instagram.com\/polatiplik"]}]}},"jetpack_sharing_enabled":true,"_links":{"self":[{"href":"https:\/\/www.polatbattaniye.com.tr\/wp-json\/wp\/v2\/pages\/834","targetHints":{"allow":["GET"]}}],"collection":[{"href":"https:\/\/www.polatbattaniye.com.tr\/wp-json\/wp\/v2\/pages"}],"about":[{"href":"https:\/\/www.polatbattaniye.com.tr\/wp-json\/wp\/v2\/types\/page"}],"author":[{"embeddable":true,"href":"https:\/\/www.polatbattaniye.com.tr\/wp-json\/wp\/v2\/users\/1"}],"replies":[{"embeddable":true,"href":"https:\/\/www.polatbattaniye.com.tr\/wp-json\/wp\/v2\/comments?post=834"}],"version-history":[{"count":0,"href":"https:\/\/www.polatbattaniye.com.tr\/wp-json\/wp\/v2\/pages\/834\/revisions"}],"wp:attachment":[{"href":"https:\/\/www.polatbattaniye.com.tr\/wp-json\/wp\/v2\/media?parent=834"}],"curies":[{"name":"wp","href":"https:\/\/api.w.org\/{rel}","templated":true}]}}